{"id":1242,"date":"2026-02-09T16:37:18","date_gmt":"2026-02-09T16:37:18","guid":{"rendered":"https:\/\/darkgrey-spoonbill-932136.hostingersite.com\/?post_type=product&#038;p=1242"},"modified":"2026-02-09T16:37:18","modified_gmt":"2026-02-09T16:37:18","slug":"fn-soda-water","status":"publish","type":"product","link":"https:\/\/belmirah.com\/es\/producto\/fn-soda-water\/","title":{"rendered":"F&#038;N Soda Water"},"content":{"rendered":"<p class=\"p1\">F&amp;N Soda Water is a crisp, refreshing carbonated water with clean bubbles, perfect for mixing, cocktails, or enjoying on its own.<\/p>","protected":false},"excerpt":{"rendered":"<p class=\"p1\">F&amp;N Soda Water is a high-quality carbonated beverage crafted to deliver a clean, refreshing taste with lively carbonation. Its neutral flavor profile makes it extremely versatile, suitable for <span class=\"s1\"><b>cocktails, mocktails, mixers, and foodservice applications<\/b><\/span>, while also being refreshing enough to enjoy straight from the can.<\/p>\n<p class=\"p1\">Widely used in <span class=\"s1\"><b>bars, caf\u00e9s, restaurants, hotels, and households<\/b><\/span>, F&amp;N Soda Water enhances spirits, juices, and syrups without overpowering them. It is also ideal as a refreshing standalone drink for consumers seeking a sugar-free, calorie-free sparkling option.<\/p>\n<p class=\"p1\">With consistent carbonation, long shelf life, and efficient export loadability, F&amp;N Soda Water is well suited for <span class=\"s1\"><b>retail, horeca, catering, and international distribution<\/b><\/span>, offering reliability and quality backed by a trusted beverage brand.<\/p>\n<hr \/>\n<h2><b>Packaging &amp; Logistics Details<\/b><\/h2>\n<h3><b>CAN \u2013 325ml<\/b><\/h3>\n<ul>\n<li>\n<p class=\"p1\">Packaging: <span class=\"s1\"><b>24 \u00d7 325ml<\/b><b><\/b><\/span><\/p>\n<\/li>\n<li>\n<p class=\"p1\">Case Size: 351 \u00d7 236 \u00d7 149 mm<\/p>\n<\/li>\n<li>\n<p class=\"p1\"><b>CBM \/ Case:<\/b><span class=\"s1\"> 0.0123 m\u00b3<\/span><\/p>\n<\/li>\n<li>\n<p class=\"p1\">Case Weight: 8.65 kg<\/p>\n<\/li>\n<li>\n<p class=\"p1\">Shelf Life: 24 months<\/p>\n<\/li>\n<li>\n<p class=\"p1\"><b>20\u2019 FCL Loadability:<\/b><span class=\"s1\"> 2,496 cases<\/span><\/p>\n<\/li>\n<\/ul>\n<h3><b>4 CAN PACK \u2013 325ml<\/b><\/h3>\n<ul>\n<li>\n<p class=\"p1\"><span class=\"s1\">Packaging: <\/span><b>24 \u00d7 325ml (4-Can Pack)<\/b><b><\/b><\/p>\n<\/li>\n<li>\n<p class=\"p1\">Case Size: 351 \u00d7 236 \u00d7 149 mm<\/p>\n<\/li>\n<li>\n<p class=\"p1\"><b>CBM \/ Case:<\/b><span class=\"s1\"> 0.0123 m\u00b3<\/span><\/p>\n<\/li>\n<li>\n<p class=\"p1\">Case Weight: 8.65 kg<\/p>\n<\/li>\n<li>\n<p class=\"p1\">Shelf Life: 24 months<\/p>\n<\/li>\n<li>\n<p class=\"p1\"><b>20\u2019 FCL Loadability:<\/b><span class=\"s1\"> 2,496 cases<\/span><\/p>\n<\/li>\n<\/ul>","protected":false},"featured_media":1243,"comment_status":"open","ping_status":"closed","template":"","meta":[],"product_brand":[43],"product_cat":[44],"product_tag":[],"class_list":{"0":"post-1242","1":"product","2":"type-product","3":"status-publish","4":"has-post-thumbnail","6":"product_brand-fn","7":"product_cat-fn-sodas","9":"first","10":"instock","11":"shipping-taxable","12":"product-type-simple"},"yoast_head":"<!-- This site is optimized with the Yoast SEO plugin v25.9 - https:\/\/yoast.com\/wordpress\/plugins\/seo\/ -->\n<title>F&amp;N Soda Water - Belmirah S.A.<\/title>\n<meta name=\"robots\" content=\"index, follow, max-snippet:-1, max-image-preview:large, max-video-preview:-1\" \/>\n<link rel=\"canonical\" href=\"https:\/\/belmirah.com\/es\/producto\/fn-soda-water\/\" \/>\n<meta property=\"og:locale\" content=\"es_ES\" \/>\n<meta property=\"og:type\" content=\"article\" \/>\n<meta property=\"og:title\" content=\"F&amp;N Soda Water - Belmirah S.A.\" \/>\n<meta property=\"og:description\" content=\"F&amp;N Soda Water is a high-quality carbonated beverage crafted to deliver a clean, refreshing taste with lively carbonation. Its neutral flavor profile makes it extremely versatile, suitable for cocktails, mocktails, mixers, and foodservice applications, while also being refreshing enough to enjoy straight from the can. Widely used in bars, caf\u00e9s, restaurants, hotels, and households, F&amp;N Soda Water enhances spirits, juices, and syrups without overpowering them. It is also ideal as a refreshing standalone drink for consumers seeking a sugar-free, calorie-free sparkling option. With consistent carbonation, long shelf life, and efficient export loadability, F&amp;N Soda Water is well suited for retail, horeca, catering, and international distribution, offering reliability and quality backed by a trusted beverage brand.     Packaging &amp; Logistics Details CAN \u2013 325ml    Packaging: 24 \u00d7 325ml    Case Size: 351 \u00d7 236 \u00d7 149 mm    CBM \/ Case: 0.0123 m\u00b3    Case Weight: 8.65 kg    Shelf Life: 24 months    20\u2019 FCL Loadability: 2,496 cases   4 CAN PACK \u2013 325ml    Packaging: 24 \u00d7 325ml (4-Can Pack)    Case Size: 351 \u00d7 236 \u00d7 149 mm    CBM \/ Case: 0.0123 m\u00b3    Case Weight: 8.65 kg    Shelf Life: 24 months    20\u2019 FCL Loadability: 2,496 cases\" \/>\n<meta property=\"og:url\" content=\"https:\/\/belmirah.com\/es\/producto\/fn-soda-water\/\" \/>\n<meta property=\"og:site_name\" content=\"Belmirah S.A.\" \/>\n<meta property=\"og:image\" content=\"https:\/\/belmirah.com\/wp-content\/uploads\/2026\/02\/Screenshot-2026-02-10-at-12.35.44-AM.png\" \/>\n\t<meta property=\"og:image:width\" content=\"1108\" \/>\n\t<meta property=\"og:image:height\" content=\"1106\" \/>\n\t<meta property=\"og:image:type\" content=\"image\/png\" \/>\n<meta name=\"twitter:card\" content=\"summary_large_image\" \/>\n<meta name=\"twitter:label1\" content=\"Tiempo de lectura\" \/>\n\t<meta name=\"twitter:data1\" content=\"1 minuto\" \/>\n<script type=\"application\/ld+json\" class=\"yoast-schema-graph\">{\"@context\":\"https:\/\/schema.org\",\"@graph\":[{\"@type\":\"WebPage\",\"@id\":\"https:\/\/belmirah.com\/product\/fn-soda-water\/\",\"url\":\"https:\/\/belmirah.com\/product\/fn-soda-water\/\",\"name\":\"F&N Soda Water - Belmirah S.A.\",\"isPartOf\":{\"@id\":\"https:\/\/belmirah.com\/#website\"},\"primaryImageOfPage\":{\"@id\":\"https:\/\/belmirah.com\/product\/fn-soda-water\/#primaryimage\"},\"image\":{\"@id\":\"https:\/\/belmirah.com\/product\/fn-soda-water\/#primaryimage\"},\"thumbnailUrl\":\"https:\/\/belmirah.com\/wp-content\/uploads\/2026\/02\/Screenshot-2026-02-10-at-12.35.44-AM.png\",\"datePublished\":\"2026-02-09T16:37:18+00:00\",\"breadcrumb\":{\"@id\":\"https:\/\/belmirah.com\/product\/fn-soda-water\/#breadcrumb\"},\"inLanguage\":\"es\",\"potentialAction\":[{\"@type\":\"ReadAction\",\"target\":[\"https:\/\/belmirah.com\/product\/fn-soda-water\/\"]}]},{\"@type\":\"ImageObject\",\"inLanguage\":\"es\",\"@id\":\"https:\/\/belmirah.com\/product\/fn-soda-water\/#primaryimage\",\"url\":\"https:\/\/belmirah.com\/wp-content\/uploads\/2026\/02\/Screenshot-2026-02-10-at-12.35.44-AM.png\",\"contentUrl\":\"https:\/\/belmirah.com\/wp-content\/uploads\/2026\/02\/Screenshot-2026-02-10-at-12.35.44-AM.png\",\"width\":1108,\"height\":1106},{\"@type\":\"BreadcrumbList\",\"@id\":\"https:\/\/belmirah.com\/product\/fn-soda-water\/#breadcrumb\",\"itemListElement\":[{\"@type\":\"ListItem\",\"position\":1,\"name\":\"Home\",\"item\":\"https:\/\/belmirah.com\/\"},{\"@type\":\"ListItem\",\"position\":2,\"name\":\"Shop\",\"item\":\"https:\/\/belmirah.com\/es\/shop\/\"},{\"@type\":\"ListItem\",\"position\":3,\"name\":\"F&#038;N Soda Water\"}]},{\"@type\":\"WebSite\",\"@id\":\"https:\/\/belmirah.com\/#website\",\"url\":\"https:\/\/belmirah.com\/\",\"name\":\"Belmirah S.A.\",\"description\":\"Unlocking FMCG Potential in Latin America\",\"publisher\":{\"@id\":\"https:\/\/belmirah.com\/#organization\"},\"alternateName\":\"Belmirah S.A.\",\"potentialAction\":[{\"@type\":\"SearchAction\",\"target\":{\"@type\":\"EntryPoint\",\"urlTemplate\":\"https:\/\/belmirah.com\/?s={search_term_string}\"},\"query-input\":{\"@type\":\"PropertyValueSpecification\",\"valueRequired\":true,\"valueName\":\"search_term_string\"}}],\"inLanguage\":\"es\"},{\"@type\":\"Organization\",\"@id\":\"https:\/\/belmirah.com\/#organization\",\"name\":\"Belmirah S.A.\",\"url\":\"https:\/\/belmirah.com\/\",\"logo\":{\"@type\":\"ImageObject\",\"inLanguage\":\"es\",\"@id\":\"https:\/\/belmirah.com\/#\/schema\/logo\/image\/\",\"url\":\"https:\/\/belmirah.com\/wp-content\/uploads\/2026\/02\/cropped-Screenshot-2026-02-03-at-3.48.48-PM.png\",\"contentUrl\":\"https:\/\/belmirah.com\/wp-content\/uploads\/2026\/02\/cropped-Screenshot-2026-02-03-at-3.48.48-PM.png\",\"width\":512,\"height\":512,\"caption\":\"Belmirah S.A.\"},\"image\":{\"@id\":\"https:\/\/belmirah.com\/#\/schema\/logo\/image\/\"}}]}<\/script>\n<!-- \/ Yoast SEO plugin. -->","yoast_head_json":{"title":"F&N Soda Water - Belmirah S.A.","robots":{"index":"index","follow":"follow","max-snippet":"max-snippet:-1","max-image-preview":"max-image-preview:large","max-video-preview":"max-video-preview:-1"},"canonical":"https:\/\/belmirah.com\/es\/producto\/fn-soda-water\/","og_locale":"es_ES","og_type":"article","og_title":"F&N Soda Water - Belmirah S.A.","og_description":"F&amp;N Soda Water is a high-quality carbonated beverage crafted to deliver a clean, refreshing taste with lively carbonation. Its neutral flavor profile makes it extremely versatile, suitable for cocktails, mocktails, mixers, and foodservice applications, while also being refreshing enough to enjoy straight from the can. Widely used in bars, caf\u00e9s, restaurants, hotels, and households, F&amp;N Soda Water enhances spirits, juices, and syrups without overpowering them. It is also ideal as a refreshing standalone drink for consumers seeking a sugar-free, calorie-free sparkling option. With consistent carbonation, long shelf life, and efficient export loadability, F&amp;N Soda Water is well suited for retail, horeca, catering, and international distribution, offering reliability and quality backed by a trusted beverage brand.     Packaging &amp; Logistics Details CAN \u2013 325ml    Packaging: 24 \u00d7 325ml    Case Size: 351 \u00d7 236 \u00d7 149 mm    CBM \/ Case: 0.0123 m\u00b3    Case Weight: 8.65 kg    Shelf Life: 24 months    20\u2019 FCL Loadability: 2,496 cases   4 CAN PACK \u2013 325ml    Packaging: 24 \u00d7 325ml (4-Can Pack)    Case Size: 351 \u00d7 236 \u00d7 149 mm    CBM \/ Case: 0.0123 m\u00b3    Case Weight: 8.65 kg    Shelf Life: 24 months    20\u2019 FCL Loadability: 2,496 cases","og_url":"https:\/\/belmirah.com\/es\/producto\/fn-soda-water\/","og_site_name":"Belmirah S.A.","og_image":[{"width":1108,"height":1106,"url":"https:\/\/belmirah.com\/wp-content\/uploads\/2026\/02\/Screenshot-2026-02-10-at-12.35.44-AM.png","type":"image\/png"}],"twitter_card":"summary_large_image","twitter_misc":{"Tiempo de lectura":"1 minuto"},"schema":{"@context":"https:\/\/schema.org","@graph":[{"@type":"WebPage","@id":"https:\/\/belmirah.com\/product\/fn-soda-water\/","url":"https:\/\/belmirah.com\/product\/fn-soda-water\/","name":"F&N Soda Water - Belmirah S.A.","isPartOf":{"@id":"https:\/\/belmirah.com\/#website"},"primaryImageOfPage":{"@id":"https:\/\/belmirah.com\/product\/fn-soda-water\/#primaryimage"},"image":{"@id":"https:\/\/belmirah.com\/product\/fn-soda-water\/#primaryimage"},"thumbnailUrl":"https:\/\/belmirah.com\/wp-content\/uploads\/2026\/02\/Screenshot-2026-02-10-at-12.35.44-AM.png","datePublished":"2026-02-09T16:37:18+00:00","breadcrumb":{"@id":"https:\/\/belmirah.com\/product\/fn-soda-water\/#breadcrumb"},"inLanguage":"es","potentialAction":[{"@type":"ReadAction","target":["https:\/\/belmirah.com\/product\/fn-soda-water\/"]}]},{"@type":"ImageObject","inLanguage":"es","@id":"https:\/\/belmirah.com\/product\/fn-soda-water\/#primaryimage","url":"https:\/\/belmirah.com\/wp-content\/uploads\/2026\/02\/Screenshot-2026-02-10-at-12.35.44-AM.png","contentUrl":"https:\/\/belmirah.com\/wp-content\/uploads\/2026\/02\/Screenshot-2026-02-10-at-12.35.44-AM.png","width":1108,"height":1106},{"@type":"BreadcrumbList","@id":"https:\/\/belmirah.com\/product\/fn-soda-water\/#breadcrumb","itemListElement":[{"@type":"ListItem","position":1,"name":"Home","item":"https:\/\/belmirah.com\/"},{"@type":"ListItem","position":2,"name":"Shop","item":"https:\/\/belmirah.com\/es\/shop\/"},{"@type":"ListItem","position":3,"name":"F&#038;N Soda Water"}]},{"@type":"WebSite","@id":"https:\/\/belmirah.com\/#website","url":"https:\/\/belmirah.com\/","name":"Belmirah S.A.","description":"Unlocking FMCG Potential in Latin America","publisher":{"@id":"https:\/\/belmirah.com\/#organization"},"alternateName":"Belmirah S.A.","potentialAction":[{"@type":"SearchAction","target":{"@type":"EntryPoint","urlTemplate":"https:\/\/belmirah.com\/?s={search_term_string}"},"query-input":{"@type":"PropertyValueSpecification","valueRequired":true,"valueName":"search_term_string"}}],"inLanguage":"es"},{"@type":"Organization","@id":"https:\/\/belmirah.com\/#organization","name":"Belmirah S.A.","url":"https:\/\/belmirah.com\/","logo":{"@type":"ImageObject","inLanguage":"es","@id":"https:\/\/belmirah.com\/#\/schema\/logo\/image\/","url":"https:\/\/belmirah.com\/wp-content\/uploads\/2026\/02\/cropped-Screenshot-2026-02-03-at-3.48.48-PM.png","contentUrl":"https:\/\/belmirah.com\/wp-content\/uploads\/2026\/02\/cropped-Screenshot-2026-02-03-at-3.48.48-PM.png","width":512,"height":512,"caption":"Belmirah S.A."},"image":{"@id":"https:\/\/belmirah.com\/#\/schema\/logo\/image\/"}}]}},"_links":{"self":[{"href":"https:\/\/belmirah.com\/es\/wp-json\/wp\/v2\/product\/1242","targetHints":{"allow":["GET"]}}],"collection":[{"href":"https:\/\/belmirah.com\/es\/wp-json\/wp\/v2\/product"}],"about":[{"href":"https:\/\/belmirah.com\/es\/wp-json\/wp\/v2\/types\/product"}],"replies":[{"embeddable":true,"href":"https:\/\/belmirah.com\/es\/wp-json\/wp\/v2\/comments?post=1242"}],"wp:featuredmedia":[{"embeddable":true,"href":"https:\/\/belmirah.com\/es\/wp-json\/wp\/v2\/media\/1243"}],"wp:attachment":[{"href":"https:\/\/belmirah.com\/es\/wp-json\/wp\/v2\/media?parent=1242"}],"wp:term":[{"taxonomy":"product_brand","embeddable":true,"href":"https:\/\/belmirah.com\/es\/wp-json\/wp\/v2\/product_brand?post=1242"},{"taxonomy":"product_cat","embeddable":true,"href":"https:\/\/belmirah.com\/es\/wp-json\/wp\/v2\/product_cat?post=1242"},{"taxonomy":"product_tag","embeddable":true,"href":"https:\/\/belmirah.com\/es\/wp-json\/wp\/v2\/product_tag?post=1242"}],"curies":[{"name":"wp","href":"https:\/\/api.w.org\/{rel}","templated":true}]}}