{"id":1212,"date":"2026-02-09T15:59:57","date_gmt":"2026-02-09T15:59:57","guid":{"rendered":"https:\/\/darkgrey-spoonbill-932136.hostingersite.com\/?post_type=product&#038;p=1212"},"modified":"2026-02-11T07:28:20","modified_gmt":"2026-02-11T07:28:20","slug":"teapot-evaporated-filled-creamer","status":"publish","type":"product","link":"https:\/\/belmirah.com\/es\/producto\/teapot-evaporated-filled-creamer\/","title":{"rendered":"TEAPOT Evaporated Filled Creamer"},"content":{"rendered":"<p class=\"p1\">TEAPOT Evaporated Filled Creamer provides a smooth, creamy dairy alternative ideal for beverages and cooking, delivering consistent performance and balanced richness without added sweetness.<\/p>","protected":false},"excerpt":{"rendered":"<p class=\"p1\">TEAPOT Evaporated Filled Creamer is specially formulated to deliver a creamy texture and mild dairy taste, making it a versatile ingredient for both <span class=\"s1\"><b>beverage and culinary applications<\/b><\/span>. It is well suited for <span class=\"s1\"><b>tea and coffee, sauces, soups, bakery products, desserts, and food preparation<\/b><\/span>, where stability and smooth blending are essential.<\/p>\n<p class=\"p1\">Designed for dependable performance under heat, this evaporated filled creamer maintains consistency during cooking and preparation, making it ideal for <span class=\"s1\"><b>caf\u00e9s, restaurants, bakeries, catering operations, and institutional kitchens<\/b><\/span>, as well as household use. Its neutral flavor profile allows it to enhance creaminess without overpowering other ingredients.<\/p>\n<p class=\"p1\">With a long shelf life and practical canned format, TEAPOT Evaporated Filled Creamer is highly suitable for <span class=\"s1\"><b>export markets and large-scale distribution<\/b><\/span>, offering efficiency, reliability, and ease of storage.<\/p>\n<hr \/>\n<h2><b>Packaging &amp; Logistics Details<\/b><\/h2>\n<h3><b>CAN \u2013 390g<\/b><\/h3>\n<ul>\n<li>\n<p class=\"p1\">Packaging: <span class=\"s1\"><b>48 \u00d7 390g<\/b><b><\/b><\/span><\/p>\n<\/li>\n<li>\n<p class=\"p1\">Case Size: 455 \u00d7 305 \u00d7 206 mm<\/p>\n<\/li>\n<li>\n<p class=\"p1\"><b>CBM \/ Case:<\/b><span class=\"s1\"> 0.0286 m\u00b3<\/span><\/p>\n<\/li>\n<li>\n<p class=\"p1\">Case Weight: 21.42 kg<\/p>\n<\/li>\n<li>\n<p class=\"p1\">Shelf Life: 12 months<\/p>\n<\/li>\n<li>\n<p class=\"p1\"><b>20\u2019 FCL Loadability:<\/b><span class=\"s1\"> 1,010 cases<\/span><\/p>\n<\/li>\n<\/ul>","protected":false},"featured_media":1230,"comment_status":"open","ping_status":"closed","template":"","meta":[],"product_brand":[34],"product_cat":[35],"product_tag":[],"class_list":{"0":"post-1212","1":"product","2":"type-product","3":"status-publish","4":"has-post-thumbnail","6":"product_brand-teapot","7":"product_cat-teapot","9":"first","10":"instock","11":"shipping-taxable","12":"product-type-simple"},"yoast_head":"<!-- This site is optimized with the Yoast SEO plugin v25.9 - https:\/\/yoast.com\/wordpress\/plugins\/seo\/ -->\n<title>TEAPOT Evaporated Filled Creamer - Belmirah S.A.<\/title>\n<meta name=\"robots\" content=\"index, follow, max-snippet:-1, max-image-preview:large, max-video-preview:-1\" \/>\n<link rel=\"canonical\" href=\"https:\/\/belmirah.com\/es\/producto\/teapot-evaporated-filled-creamer\/\" \/>\n<meta property=\"og:locale\" content=\"es_ES\" \/>\n<meta property=\"og:type\" content=\"article\" \/>\n<meta property=\"og:title\" content=\"TEAPOT Evaporated Filled Creamer - Belmirah S.A.\" \/>\n<meta property=\"og:description\" content=\"TEAPOT Evaporated Filled Creamer is specially formulated to deliver a creamy texture and mild dairy taste, making it a versatile ingredient for both beverage and culinary applications. It is well suited for tea and coffee, sauces, soups, bakery products, desserts, and food preparation, where stability and smooth blending are essential. Designed for dependable performance under heat, this evaporated filled creamer maintains consistency during cooking and preparation, making it ideal for caf\u00e9s, restaurants, bakeries, catering operations, and institutional kitchens, as well as household use. Its neutral flavor profile allows it to enhance creaminess without overpowering other ingredients. With a long shelf life and practical canned format, TEAPOT Evaporated Filled Creamer is highly suitable for export markets and large-scale distribution, offering efficiency, reliability, and ease of storage.     Packaging &amp; Logistics Details CAN \u2013 390g    Packaging: 48 \u00d7 390g    Case Size: 455 \u00d7 305 \u00d7 206 mm    CBM \/ Case: 0.0286 m\u00b3    Case Weight: 21.42 kg    Shelf Life: 12 months    20\u2019 FCL Loadability: 1,010 cases\" \/>\n<meta property=\"og:url\" content=\"https:\/\/belmirah.com\/es\/producto\/teapot-evaporated-filled-creamer\/\" \/>\n<meta property=\"og:site_name\" content=\"Belmirah S.A.\" \/>\n<meta property=\"article:modified_time\" content=\"2026-02-11T07:28:20+00:00\" \/>\n<meta property=\"og:image\" content=\"https:\/\/belmirah.com\/wp-content\/uploads\/2026\/02\/Screenshot-2026-02-10-at-12.12.30-AM.png\" \/>\n\t<meta property=\"og:image:width\" content=\"1108\" \/>\n\t<meta property=\"og:image:height\" content=\"1106\" \/>\n\t<meta property=\"og:image:type\" content=\"image\/png\" \/>\n<meta name=\"twitter:card\" content=\"summary_large_image\" \/>\n<meta name=\"twitter:label1\" content=\"Tiempo de lectura\" \/>\n\t<meta name=\"twitter:data1\" content=\"1 minuto\" \/>\n<script type=\"application\/ld+json\" class=\"yoast-schema-graph\">{\"@context\":\"https:\/\/schema.org\",\"@graph\":[{\"@type\":\"WebPage\",\"@id\":\"https:\/\/belmirah.com\/product\/teapot-evaporated-filled-creamer\/\",\"url\":\"https:\/\/belmirah.com\/product\/teapot-evaporated-filled-creamer\/\",\"name\":\"TEAPOT Evaporated Filled Creamer - Belmirah S.A.\",\"isPartOf\":{\"@id\":\"https:\/\/belmirah.com\/#website\"},\"primaryImageOfPage\":{\"@id\":\"https:\/\/belmirah.com\/product\/teapot-evaporated-filled-creamer\/#primaryimage\"},\"image\":{\"@id\":\"https:\/\/belmirah.com\/product\/teapot-evaporated-filled-creamer\/#primaryimage\"},\"thumbnailUrl\":\"https:\/\/belmirah.com\/wp-content\/uploads\/2026\/02\/Screenshot-2026-02-10-at-12.12.30-AM.png\",\"datePublished\":\"2026-02-09T15:59:57+00:00\",\"dateModified\":\"2026-02-11T07:28:20+00:00\",\"breadcrumb\":{\"@id\":\"https:\/\/belmirah.com\/product\/teapot-evaporated-filled-creamer\/#breadcrumb\"},\"inLanguage\":\"es\",\"potentialAction\":[{\"@type\":\"ReadAction\",\"target\":[\"https:\/\/belmirah.com\/product\/teapot-evaporated-filled-creamer\/\"]}]},{\"@type\":\"ImageObject\",\"inLanguage\":\"es\",\"@id\":\"https:\/\/belmirah.com\/product\/teapot-evaporated-filled-creamer\/#primaryimage\",\"url\":\"https:\/\/belmirah.com\/wp-content\/uploads\/2026\/02\/Screenshot-2026-02-10-at-12.12.30-AM.png\",\"contentUrl\":\"https:\/\/belmirah.com\/wp-content\/uploads\/2026\/02\/Screenshot-2026-02-10-at-12.12.30-AM.png\",\"width\":1108,\"height\":1106},{\"@type\":\"BreadcrumbList\",\"@id\":\"https:\/\/belmirah.com\/product\/teapot-evaporated-filled-creamer\/#breadcrumb\",\"itemListElement\":[{\"@type\":\"ListItem\",\"position\":1,\"name\":\"Home\",\"item\":\"https:\/\/belmirah.com\/\"},{\"@type\":\"ListItem\",\"position\":2,\"name\":\"Shop\",\"item\":\"https:\/\/belmirah.com\/es\/shop\/\"},{\"@type\":\"ListItem\",\"position\":3,\"name\":\"TEAPOT Evaporated Filled Creamer\"}]},{\"@type\":\"WebSite\",\"@id\":\"https:\/\/belmirah.com\/#website\",\"url\":\"https:\/\/belmirah.com\/\",\"name\":\"Belmirah S.A.\",\"description\":\"Unlocking FMCG Potential in Latin America\",\"publisher\":{\"@id\":\"https:\/\/belmirah.com\/#organization\"},\"alternateName\":\"Belmirah S.A.\",\"potentialAction\":[{\"@type\":\"SearchAction\",\"target\":{\"@type\":\"EntryPoint\",\"urlTemplate\":\"https:\/\/belmirah.com\/?s={search_term_string}\"},\"query-input\":{\"@type\":\"PropertyValueSpecification\",\"valueRequired\":true,\"valueName\":\"search_term_string\"}}],\"inLanguage\":\"es\"},{\"@type\":\"Organization\",\"@id\":\"https:\/\/belmirah.com\/#organization\",\"name\":\"Belmirah S.A.\",\"url\":\"https:\/\/belmirah.com\/\",\"logo\":{\"@type\":\"ImageObject\",\"inLanguage\":\"es\",\"@id\":\"https:\/\/belmirah.com\/#\/schema\/logo\/image\/\",\"url\":\"https:\/\/belmirah.com\/wp-content\/uploads\/2026\/02\/cropped-Screenshot-2026-02-03-at-3.48.48-PM.png\",\"contentUrl\":\"https:\/\/belmirah.com\/wp-content\/uploads\/2026\/02\/cropped-Screenshot-2026-02-03-at-3.48.48-PM.png\",\"width\":512,\"height\":512,\"caption\":\"Belmirah S.A.\"},\"image\":{\"@id\":\"https:\/\/belmirah.com\/#\/schema\/logo\/image\/\"}}]}<\/script>\n<!-- \/ Yoast SEO plugin. -->","yoast_head_json":{"title":"TEAPOT Evaporated Filled Creamer - Belmirah S.A.","robots":{"index":"index","follow":"follow","max-snippet":"max-snippet:-1","max-image-preview":"max-image-preview:large","max-video-preview":"max-video-preview:-1"},"canonical":"https:\/\/belmirah.com\/es\/producto\/teapot-evaporated-filled-creamer\/","og_locale":"es_ES","og_type":"article","og_title":"TEAPOT Evaporated Filled Creamer - Belmirah S.A.","og_description":"TEAPOT Evaporated Filled Creamer is specially formulated to deliver a creamy texture and mild dairy taste, making it a versatile ingredient for both beverage and culinary applications. It is well suited for tea and coffee, sauces, soups, bakery products, desserts, and food preparation, where stability and smooth blending are essential. Designed for dependable performance under heat, this evaporated filled creamer maintains consistency during cooking and preparation, making it ideal for caf\u00e9s, restaurants, bakeries, catering operations, and institutional kitchens, as well as household use. Its neutral flavor profile allows it to enhance creaminess without overpowering other ingredients. With a long shelf life and practical canned format, TEAPOT Evaporated Filled Creamer is highly suitable for export markets and large-scale distribution, offering efficiency, reliability, and ease of storage.     Packaging &amp; Logistics Details CAN \u2013 390g    Packaging: 48 \u00d7 390g    Case Size: 455 \u00d7 305 \u00d7 206 mm    CBM \/ Case: 0.0286 m\u00b3    Case Weight: 21.42 kg    Shelf Life: 12 months    20\u2019 FCL Loadability: 1,010 cases","og_url":"https:\/\/belmirah.com\/es\/producto\/teapot-evaporated-filled-creamer\/","og_site_name":"Belmirah S.A.","article_modified_time":"2026-02-11T07:28:20+00:00","og_image":[{"width":1108,"height":1106,"url":"https:\/\/belmirah.com\/wp-content\/uploads\/2026\/02\/Screenshot-2026-02-10-at-12.12.30-AM.png","type":"image\/png"}],"twitter_card":"summary_large_image","twitter_misc":{"Tiempo de lectura":"1 minuto"},"schema":{"@context":"https:\/\/schema.org","@graph":[{"@type":"WebPage","@id":"https:\/\/belmirah.com\/product\/teapot-evaporated-filled-creamer\/","url":"https:\/\/belmirah.com\/product\/teapot-evaporated-filled-creamer\/","name":"TEAPOT Evaporated Filled Creamer - Belmirah S.A.","isPartOf":{"@id":"https:\/\/belmirah.com\/#website"},"primaryImageOfPage":{"@id":"https:\/\/belmirah.com\/product\/teapot-evaporated-filled-creamer\/#primaryimage"},"image":{"@id":"https:\/\/belmirah.com\/product\/teapot-evaporated-filled-creamer\/#primaryimage"},"thumbnailUrl":"https:\/\/belmirah.com\/wp-content\/uploads\/2026\/02\/Screenshot-2026-02-10-at-12.12.30-AM.png","datePublished":"2026-02-09T15:59:57+00:00","dateModified":"2026-02-11T07:28:20+00:00","breadcrumb":{"@id":"https:\/\/belmirah.com\/product\/teapot-evaporated-filled-creamer\/#breadcrumb"},"inLanguage":"es","potentialAction":[{"@type":"ReadAction","target":["https:\/\/belmirah.com\/product\/teapot-evaporated-filled-creamer\/"]}]},{"@type":"ImageObject","inLanguage":"es","@id":"https:\/\/belmirah.com\/product\/teapot-evaporated-filled-creamer\/#primaryimage","url":"https:\/\/belmirah.com\/wp-content\/uploads\/2026\/02\/Screenshot-2026-02-10-at-12.12.30-AM.png","contentUrl":"https:\/\/belmirah.com\/wp-content\/uploads\/2026\/02\/Screenshot-2026-02-10-at-12.12.30-AM.png","width":1108,"height":1106},{"@type":"BreadcrumbList","@id":"https:\/\/belmirah.com\/product\/teapot-evaporated-filled-creamer\/#breadcrumb","itemListElement":[{"@type":"ListItem","position":1,"name":"Home","item":"https:\/\/belmirah.com\/"},{"@type":"ListItem","position":2,"name":"Shop","item":"https:\/\/belmirah.com\/es\/shop\/"},{"@type":"ListItem","position":3,"name":"TEAPOT Evaporated Filled Creamer"}]},{"@type":"WebSite","@id":"https:\/\/belmirah.com\/#website","url":"https:\/\/belmirah.com\/","name":"Belmirah S.A.","description":"Unlocking FMCG Potential in Latin America","publisher":{"@id":"https:\/\/belmirah.com\/#organization"},"alternateName":"Belmirah S.A.","potentialAction":[{"@type":"SearchAction","target":{"@type":"EntryPoint","urlTemplate":"https:\/\/belmirah.com\/?s={search_term_string}"},"query-input":{"@type":"PropertyValueSpecification","valueRequired":true,"valueName":"search_term_string"}}],"inLanguage":"es"},{"@type":"Organization","@id":"https:\/\/belmirah.com\/#organization","name":"Belmirah S.A.","url":"https:\/\/belmirah.com\/","logo":{"@type":"ImageObject","inLanguage":"es","@id":"https:\/\/belmirah.com\/#\/schema\/logo\/image\/","url":"https:\/\/belmirah.com\/wp-content\/uploads\/2026\/02\/cropped-Screenshot-2026-02-03-at-3.48.48-PM.png","contentUrl":"https:\/\/belmirah.com\/wp-content\/uploads\/2026\/02\/cropped-Screenshot-2026-02-03-at-3.48.48-PM.png","width":512,"height":512,"caption":"Belmirah S.A."},"image":{"@id":"https:\/\/belmirah.com\/#\/schema\/logo\/image\/"}}]}},"_links":{"self":[{"href":"https:\/\/belmirah.com\/es\/wp-json\/wp\/v2\/product\/1212","targetHints":{"allow":["GET"]}}],"collection":[{"href":"https:\/\/belmirah.com\/es\/wp-json\/wp\/v2\/product"}],"about":[{"href":"https:\/\/belmirah.com\/es\/wp-json\/wp\/v2\/types\/product"}],"replies":[{"embeddable":true,"href":"https:\/\/belmirah.com\/es\/wp-json\/wp\/v2\/comments?post=1212"}],"wp:featuredmedia":[{"embeddable":true,"href":"https:\/\/belmirah.com\/es\/wp-json\/wp\/v2\/media\/1230"}],"wp:attachment":[{"href":"https:\/\/belmirah.com\/es\/wp-json\/wp\/v2\/media?parent=1212"}],"wp:term":[{"taxonomy":"product_brand","embeddable":true,"href":"https:\/\/belmirah.com\/es\/wp-json\/wp\/v2\/product_brand?post=1212"},{"taxonomy":"product_cat","embeddable":true,"href":"https:\/\/belmirah.com\/es\/wp-json\/wp\/v2\/product_cat?post=1212"},{"taxonomy":"product_tag","embeddable":true,"href":"https:\/\/belmirah.com\/es\/wp-json\/wp\/v2\/product_tag?post=1212"}],"curies":[{"name":"wp","href":"https:\/\/api.w.org\/{rel}","templated":true}]}}