{"id":1202,"date":"2026-02-09T15:52:05","date_gmt":"2026-02-09T15:52:05","guid":{"rendered":"https:\/\/darkgrey-spoonbill-932136.hostingersite.com\/?post_type=product&#038;p=1202"},"modified":"2026-02-09T17:41:10","modified_gmt":"2026-02-09T17:41:10","slug":"teapot-sweetened-condensed-creamer","status":"publish","type":"product","link":"https:\/\/belmirah.com\/es\/producto\/teapot-sweetened-condensed-creamer\/","title":{"rendered":"TEAPOT Sweetened Condensed Creamer"},"content":{"rendered":"<p class=\"p1\">TEAPOT Sweetened Condensed Creamer is a rich and creamy dairy creamer ideal for beverages, desserts, and food preparation. It delivers smooth texture and consistent sweetness for both home and professional use.<\/p>","protected":false},"excerpt":{"rendered":"<p class=\"p1\">TEAPOT Sweetened Condensed Creamer is a versatile dairy creamer trusted for its smooth consistency, balanced sweetness, and reliable performance across a wide range of applications. Produced under the Fraser &amp; Neave (F&amp;N) Malaysia portfolio, it meets high quality standards and is suitable for both retail and foodservice markets.<\/p>\n<p class=\"p1\">This product is ideal for <span class=\"s1\"><b>tea, coffee, bakery applications, desserts, sauces, and confectionery<\/b><\/span>, enhancing flavor and mouthfeel while maintaining stability during preparation. Its creamy profile makes it suitable for caf\u00e9s, bakeries, restaurants, manufacturers, and households alike.<\/p>\n<p class=\"p1\">Available in multiple can and pouch formats, TEAPOT Sweetened Condensed Creamer offers flexibility for different consumption needs\u2014from everyday household use to high-volume commercial kitchens and industrial food production. With a long shelf life and strong export suitability, it is a dependable choice for international distribution.<\/p>\n<hr \/>\n<h2><b>Packaging &amp; Logistics Details<\/b><\/h2>\n<h3><b>CAN \u2013 390g<\/b><\/h3>\n<ul>\n<li>\n<p class=\"p1\">Packaging: <span class=\"s1\"><b>48 \u00d7 390g<\/b><b><\/b><\/span><\/p>\n<\/li>\n<li>\n<p class=\"p1\">Case Size: 457 \u00d7 303 \u00d7 171 mm<\/p>\n<\/li>\n<li>\n<p class=\"p1\">CBM \/ Case: <span class=\"s1\"><b>0.0236 m\u00b3<\/b><b><\/b><\/span><\/p>\n<\/li>\n<li>\n<p class=\"p1\">Case Weight: 21.00 kg<\/p>\n<\/li>\n<li>\n<p class=\"p1\">Shelf Life: 12 months<\/p>\n<\/li>\n<li>\n<p class=\"p1\"><b>20\u2019 FCL Loadability:<\/b><span class=\"s1\"> 1,250 cases<\/span><\/p>\n<\/li>\n<\/ul>\n<h3><b>CAN \u2013 500g<\/b><\/h3>\n<ul>\n<li>\n<p class=\"p1\">Packaging: <span class=\"s1\"><b>48 \u00d7 500g<\/b><b><\/b><\/span><\/p>\n<\/li>\n<li>\n<p class=\"p1\">Case Size: 457 \u00d7 303 \u00d7 210 mm<\/p>\n<\/li>\n<li>\n<p class=\"p1\">CBM \/ Case: <span class=\"s1\"><b>0.0290 m\u00b3<\/b><b><\/b><\/span><\/p>\n<\/li>\n<li>\n<p class=\"p1\">Case Weight: 26.70 kg<\/p>\n<\/li>\n<li>\n<p class=\"p1\">Shelf Life: 12 months<\/p>\n<\/li>\n<li>\n<p class=\"p1\"><b>20\u2019 FCL Loadability:<\/b><span class=\"s1\"> 900 cases<\/span><\/p>\n<\/li>\n<\/ul>\n<h3><b>CAN \u2013 1kg<\/b><\/h3>\n<ul>\n<li>\n<p class=\"p1\">Packaging: <span class=\"s1\"><b>24 \u00d7 1kg<\/b><b><\/b><\/span><\/p>\n<\/li>\n<li>\n<p class=\"p1\">Case Size: 457 \u00d7 303 \u00d7 171 mm<\/p>\n<\/li>\n<li>\n<p class=\"p1\">CBM \/ Case: <span class=\"s1\"><b>0.0236 m\u00b3<\/b><b><\/b><\/span><\/p>\n<\/li>\n<li>\n<p class=\"p1\">Case Weight: 27.00 kg<\/p>\n<\/li>\n<li>\n<p class=\"p1\">Shelf Life: 12 months<\/p>\n<\/li>\n<li>\n<p class=\"p1\"><b>20\u2019 FCL Loadability:<\/b><span class=\"s1\"> 990 cases<\/span><\/p>\n<\/li>\n<\/ul>\n<h3><b>Pouch \u2013 2.5kg<\/b><\/h3>\n<ul>\n<li>\n<p class=\"p1\">Packaging: <span class=\"s1\"><b>8 \u00d7 2.5kg<\/b><b><\/b><\/span><\/p>\n<\/li>\n<li>\n<p class=\"p1\">Case Size: 489 \u00d7 250 \u00d7 226 mm<\/p>\n<\/li>\n<li>\n<p class=\"p1\">CBM \/ Case: <span class=\"s1\"><b>0.0276 m\u00b3<\/b><b><\/b><\/span><\/p>\n<\/li>\n<li>\n<p class=\"p1\">Case Weight: 22.60 kg<\/p>\n<\/li>\n<li>\n<p class=\"p1\">Shelf Life: 9 months<\/p>\n<\/li>\n<li>\n<p class=\"p1\"><b>20\u2019 FCL Loadability:<\/b><span class=\"s1\"> 850 cases<\/span><\/p>\n<\/li>\n<\/ul>","protected":false},"featured_media":1295,"comment_status":"open","ping_status":"closed","template":"","meta":[],"product_brand":[34],"product_cat":[35],"product_tag":[],"class_list":{"0":"post-1202","1":"product","2":"type-product","3":"status-publish","4":"has-post-thumbnail","6":"product_brand-teapot","7":"product_cat-teapot","9":"first","10":"instock","11":"shipping-taxable","12":"product-type-simple"},"yoast_head":"<!-- This site is optimized with the Yoast SEO plugin v25.9 - https:\/\/yoast.com\/wordpress\/plugins\/seo\/ -->\n<title>TEAPOT Sweetened Condensed Creamer - Belmirah S.A.<\/title>\n<meta name=\"robots\" content=\"index, follow, max-snippet:-1, max-image-preview:large, max-video-preview:-1\" \/>\n<link rel=\"canonical\" href=\"https:\/\/belmirah.com\/es\/producto\/teapot-sweetened-condensed-creamer\/\" \/>\n<meta property=\"og:locale\" content=\"es_ES\" \/>\n<meta property=\"og:type\" content=\"article\" \/>\n<meta property=\"og:title\" content=\"TEAPOT Sweetened Condensed Creamer - Belmirah S.A.\" \/>\n<meta property=\"og:description\" content=\"TEAPOT Sweetened Condensed Creamer is a versatile dairy creamer trusted for its smooth consistency, balanced sweetness, and reliable performance across a wide range of applications. Produced under the Fraser &amp; Neave (F&amp;N) Malaysia portfolio, it meets high quality standards and is suitable for both retail and foodservice markets. This product is ideal for tea, coffee, bakery applications, desserts, sauces, and confectionery, enhancing flavor and mouthfeel while maintaining stability during preparation. Its creamy profile makes it suitable for caf\u00e9s, bakeries, restaurants, manufacturers, and households alike. Available in multiple can and pouch formats, TEAPOT Sweetened Condensed Creamer offers flexibility for different consumption needs\u2014from everyday household use to high-volume commercial kitchens and industrial food production. With a long shelf life and strong export suitability, it is a dependable choice for international distribution.     Packaging &amp; Logistics Details CAN \u2013 390g    Packaging: 48 \u00d7 390g    Case Size: 457 \u00d7 303 \u00d7 171 mm    CBM \/ Case: 0.0236 m\u00b3    Case Weight: 21.00 kg    Shelf Life: 12 months    20\u2019 FCL Loadability: 1,250 cases   CAN \u2013 500g    Packaging: 48 \u00d7 500g    Case Size: 457 \u00d7 303 \u00d7 210 mm    CBM \/ Case: 0.0290 m\u00b3    Case Weight: 26.70 kg    Shelf Life: 12 months    20\u2019 FCL Loadability: 900 cases   CAN \u2013 1kg    Packaging: 24 \u00d7 1kg    Case Size: 457 \u00d7 303 \u00d7 171 mm    CBM \/ Case: 0.0236 m\u00b3    Case Weight: 27.00 kg    Shelf Life: 12 months    20\u2019 FCL Loadability: 990 cases   Pouch \u2013 2.5kg    Packaging: 8 \u00d7 2.5kg    Case Size: 489 \u00d7 250 \u00d7 226 mm    CBM \/ Case: 0.0276 m\u00b3    Case Weight: 22.60 kg    Shelf Life: 9 months    20\u2019 FCL Loadability: 850 cases\" \/>\n<meta property=\"og:url\" content=\"https:\/\/belmirah.com\/es\/producto\/teapot-sweetened-condensed-creamer\/\" \/>\n<meta property=\"og:site_name\" content=\"Belmirah S.A.\" \/>\n<meta property=\"article:modified_time\" content=\"2026-02-09T17:41:10+00:00\" \/>\n<meta property=\"og:image\" content=\"https:\/\/belmirah.com\/wp-content\/uploads\/2026\/02\/Screenshot-2026-02-10-at-1.40.47-AM.png\" \/>\n\t<meta property=\"og:image:width\" content=\"1108\" \/>\n\t<meta property=\"og:image:height\" content=\"1106\" \/>\n\t<meta property=\"og:image:type\" content=\"image\/png\" \/>\n<meta name=\"twitter:card\" content=\"summary_large_image\" \/>\n<meta name=\"twitter:label1\" content=\"Tiempo de lectura\" \/>\n\t<meta name=\"twitter:data1\" content=\"1 minuto\" \/>\n<script type=\"application\/ld+json\" class=\"yoast-schema-graph\">{\"@context\":\"https:\/\/schema.org\",\"@graph\":[{\"@type\":\"WebPage\",\"@id\":\"https:\/\/belmirah.com\/product\/teapot-sweetened-condensed-creamer\/\",\"url\":\"https:\/\/belmirah.com\/product\/teapot-sweetened-condensed-creamer\/\",\"name\":\"TEAPOT Sweetened Condensed Creamer - Belmirah S.A.\",\"isPartOf\":{\"@id\":\"https:\/\/belmirah.com\/#website\"},\"primaryImageOfPage\":{\"@id\":\"https:\/\/belmirah.com\/product\/teapot-sweetened-condensed-creamer\/#primaryimage\"},\"image\":{\"@id\":\"https:\/\/belmirah.com\/product\/teapot-sweetened-condensed-creamer\/#primaryimage\"},\"thumbnailUrl\":\"https:\/\/belmirah.com\/wp-content\/uploads\/2026\/02\/Screenshot-2026-02-10-at-1.40.47-AM.png\",\"datePublished\":\"2026-02-09T15:52:05+00:00\",\"dateModified\":\"2026-02-09T17:41:10+00:00\",\"breadcrumb\":{\"@id\":\"https:\/\/belmirah.com\/product\/teapot-sweetened-condensed-creamer\/#breadcrumb\"},\"inLanguage\":\"es\",\"potentialAction\":[{\"@type\":\"ReadAction\",\"target\":[\"https:\/\/belmirah.com\/product\/teapot-sweetened-condensed-creamer\/\"]}]},{\"@type\":\"ImageObject\",\"inLanguage\":\"es\",\"@id\":\"https:\/\/belmirah.com\/product\/teapot-sweetened-condensed-creamer\/#primaryimage\",\"url\":\"https:\/\/belmirah.com\/wp-content\/uploads\/2026\/02\/Screenshot-2026-02-10-at-1.40.47-AM.png\",\"contentUrl\":\"https:\/\/belmirah.com\/wp-content\/uploads\/2026\/02\/Screenshot-2026-02-10-at-1.40.47-AM.png\",\"width\":1108,\"height\":1106},{\"@type\":\"BreadcrumbList\",\"@id\":\"https:\/\/belmirah.com\/product\/teapot-sweetened-condensed-creamer\/#breadcrumb\",\"itemListElement\":[{\"@type\":\"ListItem\",\"position\":1,\"name\":\"Home\",\"item\":\"https:\/\/belmirah.com\/\"},{\"@type\":\"ListItem\",\"position\":2,\"name\":\"Shop\",\"item\":\"https:\/\/belmirah.com\/es\/shop\/\"},{\"@type\":\"ListItem\",\"position\":3,\"name\":\"TEAPOT Sweetened Condensed Creamer\"}]},{\"@type\":\"WebSite\",\"@id\":\"https:\/\/belmirah.com\/#website\",\"url\":\"https:\/\/belmirah.com\/\",\"name\":\"Belmirah S.A.\",\"description\":\"Unlocking FMCG Potential in Latin America\",\"publisher\":{\"@id\":\"https:\/\/belmirah.com\/#organization\"},\"alternateName\":\"Belmirah S.A.\",\"potentialAction\":[{\"@type\":\"SearchAction\",\"target\":{\"@type\":\"EntryPoint\",\"urlTemplate\":\"https:\/\/belmirah.com\/?s={search_term_string}\"},\"query-input\":{\"@type\":\"PropertyValueSpecification\",\"valueRequired\":true,\"valueName\":\"search_term_string\"}}],\"inLanguage\":\"es\"},{\"@type\":\"Organization\",\"@id\":\"https:\/\/belmirah.com\/#organization\",\"name\":\"Belmirah S.A.\",\"url\":\"https:\/\/belmirah.com\/\",\"logo\":{\"@type\":\"ImageObject\",\"inLanguage\":\"es\",\"@id\":\"https:\/\/belmirah.com\/#\/schema\/logo\/image\/\",\"url\":\"https:\/\/belmirah.com\/wp-content\/uploads\/2026\/02\/cropped-Screenshot-2026-02-03-at-3.48.48-PM.png\",\"contentUrl\":\"https:\/\/belmirah.com\/wp-content\/uploads\/2026\/02\/cropped-Screenshot-2026-02-03-at-3.48.48-PM.png\",\"width\":512,\"height\":512,\"caption\":\"Belmirah S.A.\"},\"image\":{\"@id\":\"https:\/\/belmirah.com\/#\/schema\/logo\/image\/\"}}]}<\/script>\n<!-- \/ Yoast SEO plugin. -->","yoast_head_json":{"title":"TEAPOT Sweetened Condensed Creamer - Belmirah S.A.","robots":{"index":"index","follow":"follow","max-snippet":"max-snippet:-1","max-image-preview":"max-image-preview:large","max-video-preview":"max-video-preview:-1"},"canonical":"https:\/\/belmirah.com\/es\/producto\/teapot-sweetened-condensed-creamer\/","og_locale":"es_ES","og_type":"article","og_title":"TEAPOT Sweetened Condensed Creamer - Belmirah S.A.","og_description":"TEAPOT Sweetened Condensed Creamer is a versatile dairy creamer trusted for its smooth consistency, balanced sweetness, and reliable performance across a wide range of applications. Produced under the Fraser &amp; Neave (F&amp;N) Malaysia portfolio, it meets high quality standards and is suitable for both retail and foodservice markets. This product is ideal for tea, coffee, bakery applications, desserts, sauces, and confectionery, enhancing flavor and mouthfeel while maintaining stability during preparation. Its creamy profile makes it suitable for caf\u00e9s, bakeries, restaurants, manufacturers, and households alike. Available in multiple can and pouch formats, TEAPOT Sweetened Condensed Creamer offers flexibility for different consumption needs\u2014from everyday household use to high-volume commercial kitchens and industrial food production. With a long shelf life and strong export suitability, it is a dependable choice for international distribution.     Packaging &amp; Logistics Details CAN \u2013 390g    Packaging: 48 \u00d7 390g    Case Size: 457 \u00d7 303 \u00d7 171 mm    CBM \/ Case: 0.0236 m\u00b3    Case Weight: 21.00 kg    Shelf Life: 12 months    20\u2019 FCL Loadability: 1,250 cases   CAN \u2013 500g    Packaging: 48 \u00d7 500g    Case Size: 457 \u00d7 303 \u00d7 210 mm    CBM \/ Case: 0.0290 m\u00b3    Case Weight: 26.70 kg    Shelf Life: 12 months    20\u2019 FCL Loadability: 900 cases   CAN \u2013 1kg    Packaging: 24 \u00d7 1kg    Case Size: 457 \u00d7 303 \u00d7 171 mm    CBM \/ Case: 0.0236 m\u00b3    Case Weight: 27.00 kg    Shelf Life: 12 months    20\u2019 FCL Loadability: 990 cases   Pouch \u2013 2.5kg    Packaging: 8 \u00d7 2.5kg    Case Size: 489 \u00d7 250 \u00d7 226 mm    CBM \/ Case: 0.0276 m\u00b3    Case Weight: 22.60 kg    Shelf Life: 9 months    20\u2019 FCL Loadability: 850 cases","og_url":"https:\/\/belmirah.com\/es\/producto\/teapot-sweetened-condensed-creamer\/","og_site_name":"Belmirah S.A.","article_modified_time":"2026-02-09T17:41:10+00:00","og_image":[{"width":1108,"height":1106,"url":"https:\/\/belmirah.com\/wp-content\/uploads\/2026\/02\/Screenshot-2026-02-10-at-1.40.47-AM.png","type":"image\/png"}],"twitter_card":"summary_large_image","twitter_misc":{"Tiempo de lectura":"1 minuto"},"schema":{"@context":"https:\/\/schema.org","@graph":[{"@type":"WebPage","@id":"https:\/\/belmirah.com\/product\/teapot-sweetened-condensed-creamer\/","url":"https:\/\/belmirah.com\/product\/teapot-sweetened-condensed-creamer\/","name":"TEAPOT Sweetened Condensed Creamer - Belmirah S.A.","isPartOf":{"@id":"https:\/\/belmirah.com\/#website"},"primaryImageOfPage":{"@id":"https:\/\/belmirah.com\/product\/teapot-sweetened-condensed-creamer\/#primaryimage"},"image":{"@id":"https:\/\/belmirah.com\/product\/teapot-sweetened-condensed-creamer\/#primaryimage"},"thumbnailUrl":"https:\/\/belmirah.com\/wp-content\/uploads\/2026\/02\/Screenshot-2026-02-10-at-1.40.47-AM.png","datePublished":"2026-02-09T15:52:05+00:00","dateModified":"2026-02-09T17:41:10+00:00","breadcrumb":{"@id":"https:\/\/belmirah.com\/product\/teapot-sweetened-condensed-creamer\/#breadcrumb"},"inLanguage":"es","potentialAction":[{"@type":"ReadAction","target":["https:\/\/belmirah.com\/product\/teapot-sweetened-condensed-creamer\/"]}]},{"@type":"ImageObject","inLanguage":"es","@id":"https:\/\/belmirah.com\/product\/teapot-sweetened-condensed-creamer\/#primaryimage","url":"https:\/\/belmirah.com\/wp-content\/uploads\/2026\/02\/Screenshot-2026-02-10-at-1.40.47-AM.png","contentUrl":"https:\/\/belmirah.com\/wp-content\/uploads\/2026\/02\/Screenshot-2026-02-10-at-1.40.47-AM.png","width":1108,"height":1106},{"@type":"BreadcrumbList","@id":"https:\/\/belmirah.com\/product\/teapot-sweetened-condensed-creamer\/#breadcrumb","itemListElement":[{"@type":"ListItem","position":1,"name":"Home","item":"https:\/\/belmirah.com\/"},{"@type":"ListItem","position":2,"name":"Shop","item":"https:\/\/belmirah.com\/es\/shop\/"},{"@type":"ListItem","position":3,"name":"TEAPOT Sweetened Condensed Creamer"}]},{"@type":"WebSite","@id":"https:\/\/belmirah.com\/#website","url":"https:\/\/belmirah.com\/","name":"Belmirah S.A.","description":"Unlocking FMCG Potential in Latin America","publisher":{"@id":"https:\/\/belmirah.com\/#organization"},"alternateName":"Belmirah S.A.","potentialAction":[{"@type":"SearchAction","target":{"@type":"EntryPoint","urlTemplate":"https:\/\/belmirah.com\/?s={search_term_string}"},"query-input":{"@type":"PropertyValueSpecification","valueRequired":true,"valueName":"search_term_string"}}],"inLanguage":"es"},{"@type":"Organization","@id":"https:\/\/belmirah.com\/#organization","name":"Belmirah S.A.","url":"https:\/\/belmirah.com\/","logo":{"@type":"ImageObject","inLanguage":"es","@id":"https:\/\/belmirah.com\/#\/schema\/logo\/image\/","url":"https:\/\/belmirah.com\/wp-content\/uploads\/2026\/02\/cropped-Screenshot-2026-02-03-at-3.48.48-PM.png","contentUrl":"https:\/\/belmirah.com\/wp-content\/uploads\/2026\/02\/cropped-Screenshot-2026-02-03-at-3.48.48-PM.png","width":512,"height":512,"caption":"Belmirah S.A."},"image":{"@id":"https:\/\/belmirah.com\/#\/schema\/logo\/image\/"}}]}},"_links":{"self":[{"href":"https:\/\/belmirah.com\/es\/wp-json\/wp\/v2\/product\/1202","targetHints":{"allow":["GET"]}}],"collection":[{"href":"https:\/\/belmirah.com\/es\/wp-json\/wp\/v2\/product"}],"about":[{"href":"https:\/\/belmirah.com\/es\/wp-json\/wp\/v2\/types\/product"}],"replies":[{"embeddable":true,"href":"https:\/\/belmirah.com\/es\/wp-json\/wp\/v2\/comments?post=1202"}],"wp:featuredmedia":[{"embeddable":true,"href":"https:\/\/belmirah.com\/es\/wp-json\/wp\/v2\/media\/1295"}],"wp:attachment":[{"href":"https:\/\/belmirah.com\/es\/wp-json\/wp\/v2\/media?parent=1202"}],"wp:term":[{"taxonomy":"product_brand","embeddable":true,"href":"https:\/\/belmirah.com\/es\/wp-json\/wp\/v2\/product_brand?post=1202"},{"taxonomy":"product_cat","embeddable":true,"href":"https:\/\/belmirah.com\/es\/wp-json\/wp\/v2\/product_cat?post=1202"},{"taxonomy":"product_tag","embeddable":true,"href":"https:\/\/belmirah.com\/es\/wp-json\/wp\/v2\/product_tag?post=1202"}],"curies":[{"name":"wp","href":"https:\/\/api.w.org\/{rel}","templated":true}]}}