{"id":1389,"date":"2026-02-16T06:30:41","date_gmt":"2026-02-16T06:30:41","guid":{"rendered":"https:\/\/belmirah.com\/?page_id=1389"},"modified":"2026-02-16T06:38:53","modified_gmt":"2026-02-16T06:38:53","slug":"private-label-manufacturing-2","status":"publish","type":"page","link":"https:\/\/belmirah.com\/es\/private-label-manufacturing-2\/","title":{"rendered":""},"content":{"rendered":"<div data-elementor-type=\"wp-page\" data-elementor-id=\"1389\" class=\"elementor elementor-1389\">\n\t\t\t\t<div class=\"elementor-element elementor-element-597f7a7 e-flex e-con-boxed e-con e-parent\" data-id=\"597f7a7\" data-element_type=\"container\" data-settings=\"{&quot;background_background&quot;:&quot;classic&quot;}\">\n\t\t\t\t\t<div class=\"e-con-inner\">\n\t\t\t\t<div class=\"elementor-element elementor-element-5426e8e elementor-widget elementor-widget-heading\" data-id=\"5426e8e\" data-element_type=\"widget\" data-widget_type=\"heading.default\">\n\t\t\t\t\t<h2 class=\"elementor-heading-title elementor-size-default\">Fabricaci\u00f3n de Marca Privada<\/h2>\t\t\t\t<\/div>\n\t\t\t\t\t<\/div>\n\t\t\t\t<\/div>\n\t\t<div class=\"elementor-element elementor-element-d00434f e-flex e-con-boxed e-con e-parent\" data-id=\"d00434f\" data-element_type=\"container\">\n\t\t\t\t\t<div class=\"e-con-inner\">\n\t\t\t\t<div class=\"elementor-element elementor-element-6764b9e elementor-widget elementor-widget-text-editor\" data-id=\"6764b9e\" data-element_type=\"widget\" data-widget_type=\"text-editor.default\">\n\t\t\t\t\t\t\t\t\t<p class=\"p1 translation-block\">En Belmirah, S.A., trabajamos con f\u00e1bricas confiables en Malasia, China, India, Singapur,\nVietnam, Turqu\u00eda, Egipto, Espa\u00f1a y otros pa\u00edses para fabricar productos de marca privada\nexactamente como usted los desea.<\/p><p class=\"p1 translation-block\">Ya sea fideos, pasta, pasta de tomate, galletas, crackers, caf\u00e9 listo para beber, jugos,\naceites, at\u00fan, vegetales y frutas, alimentos congelados como papas fritas o fresas,\nmayonesa u otros productos de alimentos y bebidas, nos encargamos de la producci\u00f3n con\ncalidad, consistencia y cumplimiento.<\/p><p class=\"p1 translation-block\">Adem\u00e1s, ofrecemos servicios de dise\u00f1o sin costo cuando se requieren y trabajamos seg\u00fan su\npresupuesto y las especificaciones t\u00e9cnicas del producto, facilitando convertir sus ideas en\nproductos reales.<\/p>\t\t\t\t\t\t\t\t<\/div>\n\t\t\t\t\t<\/div>\n\t\t\t\t<\/div>\n\t\t<div class=\"elementor-element elementor-element-c916fb5 e-flex e-con-boxed e-con e-parent\" data-id=\"c916fb5\" data-element_type=\"container\">\n\t\t\t\t\t<div class=\"e-con-inner\">\n\t\t\t\t<div class=\"elementor-element elementor-element-31a17d5 elementor-widget elementor-widget-image\" data-id=\"31a17d5\" data-element_type=\"widget\" data-widget_type=\"image.default\">\n\t\t\t\t\t\t\t\t\t\t\t\t\t\t\t<img fetchpriority=\"high\" decoding=\"async\" width=\"1024\" height=\"474\" src=\"https:\/\/belmirah.com\/wp-content\/uploads\/2026\/02\/Screenshot-2026-02-16-at-2.25.26-PM.png\" class=\"attachment-large size-large wp-image-1381\" alt=\"\" srcset=\"https:\/\/belmirah.com\/wp-content\/uploads\/2026\/02\/Screenshot-2026-02-16-at-2.25.26-PM.png 1024w, https:\/\/belmirah.com\/wp-content\/uploads\/2026\/02\/Screenshot-2026-02-16-at-2.25.26-PM-300x139.png 300w, https:\/\/belmirah.com\/wp-content\/uploads\/2026\/02\/Screenshot-2026-02-16-at-2.25.26-PM-768x356.png 768w, https:\/\/belmirah.com\/wp-content\/uploads\/2026\/02\/Screenshot-2026-02-16-at-2.25.26-PM-18x8.png 18w, https:\/\/belmirah.com\/wp-content\/uploads\/2026\/02\/Screenshot-2026-02-16-at-2.25.26-PM-600x278.png 600w\" sizes=\"(max-width: 1024px) 100vw, 1024px\" \/>\t\t\t\t\t\t\t\t\t\t\t\t\t\t\t<\/div>\n\t\t\t\t\t<\/div>\n\t\t\t\t<\/div>\n\t\t<div class=\"elementor-element elementor-element-99921f7 e-flex e-con-boxed e-con e-parent\" data-id=\"99921f7\" data-element_type=\"container\">\n\t\t\t\t\t<div class=\"e-con-inner\">\n\t\t\t\t<div class=\"elementor-element elementor-element-dafd995 elementor-widget-divider--view-line elementor-widget elementor-widget-divider\" data-id=\"dafd995\" data-element_type=\"widget\" data-widget_type=\"divider.default\">\n\t\t\t\t\t\t\t<div class=\"elementor-divider\">\n\t\t\t<span class=\"elementor-divider-separator\">\n\t\t\t\t\t\t<\/span>\n\t\t<\/div>\n\t\t\t\t\t\t<\/div>\n\t\t\t\t\t<\/div>\n\t\t\t\t<\/div>\n\t\t<div class=\"elementor-element elementor-element-60bf4b6 e-flex e-con-boxed e-con e-parent\" data-id=\"60bf4b6\" data-element_type=\"container\">\n\t\t\t\t\t<div class=\"e-con-inner\">\n\t\t\t\t<div class=\"elementor-element elementor-element-a7bb375 elementor-widget elementor-widget-image\" data-id=\"a7bb375\" data-element_type=\"widget\" data-widget_type=\"image.default\">\n\t\t\t\t\t\t\t\t\t\t\t\t\t\t\t<img decoding=\"async\" width=\"1024\" height=\"374\" src=\"https:\/\/belmirah.com\/wp-content\/uploads\/2026\/02\/Screenshot-2026-02-11-at-12.00.04-AM-1024x374.png\" class=\"attachment-large size-large wp-image-1317\" alt=\"\" srcset=\"https:\/\/belmirah.com\/wp-content\/uploads\/2026\/02\/Screenshot-2026-02-11-at-12.00.04-AM-1024x374.png 1024w, https:\/\/belmirah.com\/wp-content\/uploads\/2026\/02\/Screenshot-2026-02-11-at-12.00.04-AM-300x110.png 300w, https:\/\/belmirah.com\/wp-content\/uploads\/2026\/02\/Screenshot-2026-02-11-at-12.00.04-AM-768x281.png 768w, https:\/\/belmirah.com\/wp-content\/uploads\/2026\/02\/Screenshot-2026-02-11-at-12.00.04-AM-18x7.png 18w, https:\/\/belmirah.com\/wp-content\/uploads\/2026\/02\/Screenshot-2026-02-11-at-12.00.04-AM-600x219.png 600w, https:\/\/belmirah.com\/wp-content\/uploads\/2026\/02\/Screenshot-2026-02-11-at-12.00.04-AM.png 1242w\" sizes=\"(max-width: 1024px) 100vw, 1024px\" \/>\t\t\t\t\t\t\t\t\t\t\t\t\t\t\t<\/div>\n\t\t\t\t\t<\/div>\n\t\t\t\t<\/div>\n\t\t\t\t<\/div>","protected":false},"excerpt":{"rendered":"<p>Private Label Manufacturing At Belmirah, S.A., we work with trusted factories across Malaysia, China, India, Dubai, Singapore, Vietnam, Turkey, Egypt, Spain, and beyond to manufacture private label products exactly as you want them. Whether it\u2019s noodles, pasta, tomato paste, cookies, crackers, RTD coffee, juices, oils, tuna, vegetables and fruits, frozen foods like french fries or [&hellip;]<\/p>\n","protected":false},"author":1,"featured_media":0,"parent":0,"menu_order":0,"comment_status":"closed","ping_status":"closed","template":"","meta":{"footnotes":""},"class_list":["post-1389","page","type-page","status-publish","hentry"],"blocksy_meta":[],"yoast_head":"<!-- This site is optimized with the Yoast SEO plugin v25.9 - https:\/\/yoast.com\/wordpress\/plugins\/seo\/ -->\n<title>- Belmirah S.A.<\/title>\n<meta name=\"robots\" content=\"index, follow, max-snippet:-1, max-image-preview:large, max-video-preview:-1\" \/>\n<link rel=\"canonical\" href=\"https:\/\/belmirah.com\/es\/private-label-manufacturing-2\/\" \/>\n<meta property=\"og:locale\" content=\"es_ES\" \/>\n<meta property=\"og:type\" content=\"article\" \/>\n<meta property=\"og:title\" content=\"- Belmirah S.A.\" \/>\n<meta property=\"og:description\" content=\"Private Label Manufacturing At Belmirah, S.A., we work with trusted factories across Malaysia, China, India, Dubai, Singapore, Vietnam, Turkey, Egypt, Spain, and beyond to manufacture private label products exactly as you want them. Whether it\u2019s noodles, pasta, tomato paste, cookies, crackers, RTD coffee, juices, oils, tuna, vegetables and fruits, frozen foods like french fries or [&hellip;]\" \/>\n<meta property=\"og:url\" content=\"https:\/\/belmirah.com\/es\/private-label-manufacturing-2\/\" \/>\n<meta property=\"og:site_name\" content=\"Belmirah S.A.\" \/>\n<meta property=\"article:modified_time\" content=\"2026-02-16T06:38:53+00:00\" \/>\n<meta property=\"og:image\" content=\"https:\/\/belmirah.com\/wp-content\/uploads\/2026\/02\/Screenshot-2026-02-16-at-2.25.26-PM.png\" \/>\n\t<meta property=\"og:image:width\" content=\"1024\" \/>\n\t<meta property=\"og:image:height\" content=\"474\" \/>\n\t<meta property=\"og:image:type\" content=\"image\/png\" \/>\n<meta name=\"twitter:card\" content=\"summary_large_image\" \/>\n<script type=\"application\/ld+json\" class=\"yoast-schema-graph\">{\"@context\":\"https:\/\/schema.org\",\"@graph\":[{\"@type\":\"WebPage\",\"@id\":\"https:\/\/belmirah.com\/private-label-manufacturing-2\/\",\"url\":\"https:\/\/belmirah.com\/private-label-manufacturing-2\/\",\"name\":\"- Belmirah S.A.\",\"isPartOf\":{\"@id\":\"https:\/\/belmirah.com\/#website\"},\"primaryImageOfPage\":{\"@id\":\"https:\/\/belmirah.com\/private-label-manufacturing-2\/#primaryimage\"},\"image\":{\"@id\":\"https:\/\/belmirah.com\/private-label-manufacturing-2\/#primaryimage\"},\"thumbnailUrl\":\"https:\/\/belmirah.com\/wp-content\/uploads\/2026\/02\/Screenshot-2026-02-16-at-2.25.26-PM.png\",\"datePublished\":\"2026-02-16T06:30:41+00:00\",\"dateModified\":\"2026-02-16T06:38:53+00:00\",\"inLanguage\":\"es\",\"potentialAction\":[{\"@type\":\"ReadAction\",\"target\":[\"https:\/\/belmirah.com\/private-label-manufacturing-2\/\"]}]},{\"@type\":\"ImageObject\",\"inLanguage\":\"es\",\"@id\":\"https:\/\/belmirah.com\/private-label-manufacturing-2\/#primaryimage\",\"url\":\"https:\/\/belmirah.com\/wp-content\/uploads\/2026\/02\/Screenshot-2026-02-16-at-2.25.26-PM.png\",\"contentUrl\":\"https:\/\/belmirah.com\/wp-content\/uploads\/2026\/02\/Screenshot-2026-02-16-at-2.25.26-PM.png\"},{\"@type\":\"WebSite\",\"@id\":\"https:\/\/belmirah.com\/#website\",\"url\":\"https:\/\/belmirah.com\/\",\"name\":\"Belmirah S.A.\",\"description\":\"Unlocking FMCG Potential in Latin America\",\"publisher\":{\"@id\":\"https:\/\/belmirah.com\/#organization\"},\"alternateName\":\"Belmirah S.A.\",\"potentialAction\":[{\"@type\":\"SearchAction\",\"target\":{\"@type\":\"EntryPoint\",\"urlTemplate\":\"https:\/\/belmirah.com\/?s={search_term_string}\"},\"query-input\":{\"@type\":\"PropertyValueSpecification\",\"valueRequired\":true,\"valueName\":\"search_term_string\"}}],\"inLanguage\":\"es\"},{\"@type\":\"Organization\",\"@id\":\"https:\/\/belmirah.com\/#organization\",\"name\":\"Belmirah S.A.\",\"url\":\"https:\/\/belmirah.com\/\",\"logo\":{\"@type\":\"ImageObject\",\"inLanguage\":\"es\",\"@id\":\"https:\/\/belmirah.com\/#\/schema\/logo\/image\/\",\"url\":\"https:\/\/belmirah.com\/wp-content\/uploads\/2026\/02\/cropped-Screenshot-2026-02-03-at-3.48.48-PM.png\",\"contentUrl\":\"https:\/\/belmirah.com\/wp-content\/uploads\/2026\/02\/cropped-Screenshot-2026-02-03-at-3.48.48-PM.png\",\"width\":512,\"height\":512,\"caption\":\"Belmirah S.A.\"},\"image\":{\"@id\":\"https:\/\/belmirah.com\/#\/schema\/logo\/image\/\"}}]}<\/script>\n<!-- \/ Yoast SEO plugin. -->","yoast_head_json":{"title":"- Belmirah S.A.","robots":{"index":"index","follow":"follow","max-snippet":"max-snippet:-1","max-image-preview":"max-image-preview:large","max-video-preview":"max-video-preview:-1"},"canonical":"https:\/\/belmirah.com\/es\/private-label-manufacturing-2\/","og_locale":"es_ES","og_type":"article","og_title":"- Belmirah S.A.","og_description":"Private Label Manufacturing At Belmirah, S.A., we work with trusted factories across Malaysia, China, India, Dubai, Singapore, Vietnam, Turkey, Egypt, Spain, and beyond to manufacture private label products exactly as you want them. Whether it\u2019s noodles, pasta, tomato paste, cookies, crackers, RTD coffee, juices, oils, tuna, vegetables and fruits, frozen foods like french fries or [&hellip;]","og_url":"https:\/\/belmirah.com\/es\/private-label-manufacturing-2\/","og_site_name":"Belmirah S.A.","article_modified_time":"2026-02-16T06:38:53+00:00","og_image":[{"width":1024,"height":474,"url":"https:\/\/belmirah.com\/wp-content\/uploads\/2026\/02\/Screenshot-2026-02-16-at-2.25.26-PM.png","type":"image\/png"}],"twitter_card":"summary_large_image","schema":{"@context":"https:\/\/schema.org","@graph":[{"@type":"WebPage","@id":"https:\/\/belmirah.com\/private-label-manufacturing-2\/","url":"https:\/\/belmirah.com\/private-label-manufacturing-2\/","name":"- Belmirah S.A.","isPartOf":{"@id":"https:\/\/belmirah.com\/#website"},"primaryImageOfPage":{"@id":"https:\/\/belmirah.com\/private-label-manufacturing-2\/#primaryimage"},"image":{"@id":"https:\/\/belmirah.com\/private-label-manufacturing-2\/#primaryimage"},"thumbnailUrl":"https:\/\/belmirah.com\/wp-content\/uploads\/2026\/02\/Screenshot-2026-02-16-at-2.25.26-PM.png","datePublished":"2026-02-16T06:30:41+00:00","dateModified":"2026-02-16T06:38:53+00:00","inLanguage":"es","potentialAction":[{"@type":"ReadAction","target":["https:\/\/belmirah.com\/private-label-manufacturing-2\/"]}]},{"@type":"ImageObject","inLanguage":"es","@id":"https:\/\/belmirah.com\/private-label-manufacturing-2\/#primaryimage","url":"https:\/\/belmirah.com\/wp-content\/uploads\/2026\/02\/Screenshot-2026-02-16-at-2.25.26-PM.png","contentUrl":"https:\/\/belmirah.com\/wp-content\/uploads\/2026\/02\/Screenshot-2026-02-16-at-2.25.26-PM.png"},{"@type":"WebSite","@id":"https:\/\/belmirah.com\/#website","url":"https:\/\/belmirah.com\/","name":"Belmirah S.A.","description":"Unlocking FMCG Potential in Latin America","publisher":{"@id":"https:\/\/belmirah.com\/#organization"},"alternateName":"Belmirah S.A.","potentialAction":[{"@type":"SearchAction","target":{"@type":"EntryPoint","urlTemplate":"https:\/\/belmirah.com\/?s={search_term_string}"},"query-input":{"@type":"PropertyValueSpecification","valueRequired":true,"valueName":"search_term_string"}}],"inLanguage":"es"},{"@type":"Organization","@id":"https:\/\/belmirah.com\/#organization","name":"Belmirah S.A.","url":"https:\/\/belmirah.com\/","logo":{"@type":"ImageObject","inLanguage":"es","@id":"https:\/\/belmirah.com\/#\/schema\/logo\/image\/","url":"https:\/\/belmirah.com\/wp-content\/uploads\/2026\/02\/cropped-Screenshot-2026-02-03-at-3.48.48-PM.png","contentUrl":"https:\/\/belmirah.com\/wp-content\/uploads\/2026\/02\/cropped-Screenshot-2026-02-03-at-3.48.48-PM.png","width":512,"height":512,"caption":"Belmirah S.A."},"image":{"@id":"https:\/\/belmirah.com\/#\/schema\/logo\/image\/"}}]}},"_links":{"self":[{"href":"https:\/\/belmirah.com\/es\/wp-json\/wp\/v2\/pages\/1389","targetHints":{"allow":["GET"]}}],"collection":[{"href":"https:\/\/belmirah.com\/es\/wp-json\/wp\/v2\/pages"}],"about":[{"href":"https:\/\/belmirah.com\/es\/wp-json\/wp\/v2\/types\/page"}],"author":[{"embeddable":true,"href":"https:\/\/belmirah.com\/es\/wp-json\/wp\/v2\/users\/1"}],"replies":[{"embeddable":true,"href":"https:\/\/belmirah.com\/es\/wp-json\/wp\/v2\/comments?post=1389"}],"version-history":[{"count":13,"href":"https:\/\/belmirah.com\/es\/wp-json\/wp\/v2\/pages\/1389\/revisions"}],"predecessor-version":[{"id":1404,"href":"https:\/\/belmirah.com\/es\/wp-json\/wp\/v2\/pages\/1389\/revisions\/1404"}],"wp:attachment":[{"href":"https:\/\/belmirah.com\/es\/wp-json\/wp\/v2\/media?parent=1389"}],"curies":[{"name":"wp","href":"https:\/\/api.w.org\/{rel}","templated":true}]}}